{"id":11712,"date":"2024-08-27T13:45:49","date_gmt":"2024-08-27T11:45:49","guid":{"rendered":"https:\/\/studijni-svet.cz\/kurzy\/?page_id=11712"},"modified":"2024-09-10T20:27:11","modified_gmt":"2024-09-10T18:27:11","slug":"jak-stahovat-materialy","status":"publish","type":"page","link":"https:\/\/studijni-svet.cz\/kurzy\/jak-stahovat-materialy\/","title":{"rendered":"Jak stahovat bonusov\u00e9 materi\u00e1ly?"},"content":{"rendered":"\t\t<div data-elementor-type=\"wp-page\" data-elementor-id=\"11712\" class=\"elementor elementor-11712\">\n\t\t\t\t\t\t<section class=\"elementor-section elementor-top-section elementor-element elementor-element-482d7f0e elementor-section-full_width elementor-section-height-default elementor-section-height-default\" data-id=\"482d7f0e\" data-element_type=\"section\" data-e-type=\"section\">\n\t\t\t\t\t\t<div class=\"elementor-container elementor-column-gap-no\">\n\t\t\t\t\t<div class=\"elementor-column elementor-col-100 elementor-top-column elementor-element elementor-element-6ef3c6be\" data-id=\"6ef3c6be\" data-element_type=\"column\" data-e-type=\"column\">\n\t\t\t<div class=\"elementor-widget-wrap elementor-element-populated\">\n\t\t\t\t\t\t<section class=\"elementor-section elementor-inner-section elementor-element elementor-element-77ddda9c elementor-section-boxed elementor-section-height-default elementor-section-height-default\" data-id=\"77ddda9c\" data-element_type=\"section\" data-e-type=\"section\">\n\t\t\t\t\t\t<div class=\"elementor-container elementor-column-gap-default\">\n\t\t\t\t\t<div class=\"elementor-column elementor-col-100 elementor-inner-column elementor-element elementor-element-1c04beda\" data-id=\"1c04beda\" data-element_type=\"column\" data-e-type=\"column\">\n\t\t\t<div class=\"elementor-widget-wrap elementor-element-populated\">\n\t\t\t\t\t\t<div class=\"elementor-element elementor-element-1b5efda elementor-widget elementor-widget-spacer\" data-id=\"1b5efda\" data-element_type=\"widget\" data-e-type=\"widget\" data-widget_type=\"spacer.default\">\n\t\t\t\t<div class=\"elementor-widget-container\">\n\t\t\t\t\t\t\t<div class=\"elementor-spacer\">\n\t\t\t<div class=\"elementor-spacer-inner\"><\/div>\n\t\t<\/div>\n\t\t\t\t\t\t<\/div>\n\t\t\t\t<\/div>\n\t\t\t\t<div class=\"elementor-element elementor-element-22e18c44 elementor-widget elementor-widget-heading\" data-id=\"22e18c44\" data-element_type=\"widget\" data-e-type=\"widget\" data-widget_type=\"heading.default\">\n\t\t\t\t<div class=\"elementor-widget-container\">\n\t\t\t\t\t<h2 class=\"elementor-heading-title elementor-size-default\">Jak stahovat studijn\u00ed materi\u00e1ly?<\/h2>\t\t\t\t<\/div>\n\t\t\t\t<\/div>\n\t\t\t\t<div class=\"elementor-element elementor-element-1ba00898 elementor-widget elementor-widget-spacer\" data-id=\"1ba00898\" data-element_type=\"widget\" data-e-type=\"widget\" data-widget_type=\"spacer.default\">\n\t\t\t\t<div class=\"elementor-widget-container\">\n\t\t\t\t\t\t\t<div class=\"elementor-spacer\">\n\t\t\t<div class=\"elementor-spacer-inner\"><\/div>\n\t\t<\/div>\n\t\t\t\t\t\t<\/div>\n\t\t\t\t<\/div>\n\t\t\t\t<div class=\"elementor-element elementor-element-2e36a034 elementor-widget__width-initial elementor-widget elementor-widget-text-editor\" data-id=\"2e36a034\" data-element_type=\"widget\" data-e-type=\"widget\" data-widget_type=\"text-editor.default\">\n\t\t\t\t<div class=\"elementor-widget-container\">\n\t\t\t\t\t\t\t\t\t<p>V na\u0161ich kurzech najdete velk\u00e9 mno\u017estv\u00ed bonusov\u00fdch, podkladov\u00fdch \u010di jin\u00fdch materi\u00e1l\u016f. A\u010d se sna\u017e\u00edme v\u0161e tvo\u0159it intuitivn\u011b, zp\u016fsob\u016f stahov\u00e1n\u00ed je v\u00edce dle typu soubor\u016f, a proto bychom r\u00e1di uvedli shrnut\u00ed. V\u017edy je pot\u0159eba se p\u0159ihl\u00e1sit do sv\u00e9ho \u00fa\u010dtu a v sekci Moje kurzy vybrat vlastn\u011bn\u00fd kurz\/e-book.<\/p>\t\t\t\t\t\t\t\t<\/div>\n\t\t\t\t<\/div>\n\t\t\t\t<div class=\"elementor-element elementor-element-6e264204 elementor-widget elementor-widget-spacer\" data-id=\"6e264204\" data-element_type=\"widget\" data-e-type=\"widget\" data-widget_type=\"spacer.default\">\n\t\t\t\t<div class=\"elementor-widget-container\">\n\t\t\t\t\t\t\t<div class=\"elementor-spacer\">\n\t\t\t<div class=\"elementor-spacer-inner\"><\/div>\n\t\t<\/div>\n\t\t\t\t\t\t<\/div>\n\t\t\t\t<\/div>\n\t\t\t\t\t<\/div>\n\t\t<\/div>\n\t\t\t\t\t<\/div>\n\t\t<\/section>\n\t\t\t\t<section class=\"elementor-section elementor-inner-section elementor-element elementor-element-eea2186 elementor-section-boxed elementor-section-height-default elementor-section-height-default\" data-id=\"eea2186\" data-element_type=\"section\" data-e-type=\"section\">\n\t\t\t\t\t\t<div class=\"elementor-container elementor-column-gap-default\">\n\t\t\t\t\t<div class=\"elementor-column elementor-col-33 elementor-inner-column elementor-element elementor-element-1ee427d\" data-id=\"1ee427d\" data-element_type=\"column\" data-e-type=\"column\">\n\t\t\t<div class=\"elementor-widget-wrap elementor-element-populated\">\n\t\t\t\t\t\t<div class=\"elementor-element elementor-element-1921269 elementor-widget elementor-widget-text-editor\" data-id=\"1921269\" data-element_type=\"widget\" data-e-type=\"widget\" data-widget_type=\"text-editor.default\">\n\t\t\t\t<div class=\"elementor-widget-container\">\n\t\t\t\t\t\t\t\t\t<h3><span style=\"font-family: var( --e-global-typography-text-font-family ), Sans-serif; color: #075e7d;\"><b>1) Soubory k videu<\/b><\/span><\/h3>\t\t\t\t\t\t\t\t<\/div>\n\t\t\t\t<\/div>\n\t\t\t\t<div class=\"elementor-element elementor-element-25b6c90 elementor-widget elementor-widget-text-editor\" data-id=\"25b6c90\" data-element_type=\"widget\" data-e-type=\"widget\" data-widget_type=\"text-editor.default\">\n\t\t\t\t<div class=\"elementor-widget-container\">\n\t\t\t\t\t\t\t\t\t<p>Pokud kurz obsahuje podkladov\u00e9 prezentace nebo nap\u0159\u00edklad zad\u00e1n\u00ed k poslechu, tyto materi\u00e1ly jsou z d\u016fvodu prakti\u010dnosti k dispozici p\u0159\u00edmo pod dan\u00fdm videem v z\u00e1lo\u017ece cvi\u010debn\u00ed soubory.\u00a0<\/p><p>Toto uspo\u0159\u00e1d\u00e1n\u00ed je nap\u0159\u00edklad v kurzu <a href=\"https:\/\/studijni-svet.cz\/kurzy\/prehled\/anglicky-jazyk-k-maturite\/\" target=\"_blank\" rel=\"noopener\">Anglick\u00fd jazyk k maturit\u011b<\/a>.<\/p>\t\t\t\t\t\t\t\t<\/div>\n\t\t\t\t<\/div>\n\t\t\t\t\t<\/div>\n\t\t<\/div>\n\t\t\t\t<div class=\"elementor-column elementor-col-66 elementor-inner-column elementor-element elementor-element-a02379a\" data-id=\"a02379a\" data-element_type=\"column\" data-e-type=\"column\">\n\t\t\t<div class=\"elementor-widget-wrap elementor-element-populated\">\n\t\t\t\t\t\t<div class=\"elementor-element elementor-element-d88b4f0 elementor-widget elementor-widget-image\" data-id=\"d88b4f0\" data-element_type=\"widget\" data-e-type=\"widget\" data-widget_type=\"image.default\">\n\t\t\t\t<div class=\"elementor-widget-container\">\n\t\t\t\t\t\t\t\t\t\t\t\t\t\t\t\t<a href=\"https:\/\/studijni-svet.cz\/kurzy\/wp-content\/uploads\/2024\/08\/Snimek-obrazovky-2024-08-27-142832-e1724763278960.png\" data-elementor-open-lightbox=\"yes\" data-elementor-lightbox-title=\"Sn\u00edmek obrazovky 2024-08-27 142832\" data-e-action-hash=\"#elementor-action%3Aaction%3Dlightbox%26settings%3DeyJpZCI6MTE3MjIsInVybCI6Imh0dHBzOlwvXC9zdHVkaWpuaS1zdmV0LmN6XC9rdXJ6eVwvd3AtY29udGVudFwvdXBsb2Fkc1wvMjAyNFwvMDhcL1NuaW1lay1vYnJhem92a3ktMjAyNC0wOC0yNy0xNDI4MzItZTE3MjQ3NjMyNzg5NjAucG5nIn0%3D\">\n\t\t\t\t\t\t\t<img decoding=\"async\" src=\"https:\/\/studijni-svet.cz\/kurzy\/wp-content\/uploads\/elementor\/thumbs\/Snimek-obrazovky-2024-08-27-142832-e1724763278960-qt867ds7oshqh0938mi8byex50frol98g8n296t9te.png\" title=\"Sn\u00edmek obrazovky 2024-08-27 142832\" alt=\"Sn\u00edmek obrazovky 2024-08-27 142832\" loading=\"lazy\" \/>\t\t\t\t\t\t\t\t<\/a>\n\t\t\t\t\t\t\t\t\t\t\t\t\t\t\t<\/div>\n\t\t\t\t<\/div>\n\t\t\t\t\t<\/div>\n\t\t<\/div>\n\t\t\t\t\t<\/div>\n\t\t<\/section>\n\t\t\t\t<section class=\"elementor-section elementor-inner-section elementor-element elementor-element-20fb6ea elementor-section-boxed elementor-section-height-default elementor-section-height-default\" data-id=\"20fb6ea\" data-element_type=\"section\" data-e-type=\"section\">\n\t\t\t\t\t\t<div class=\"elementor-container elementor-column-gap-default\">\n\t\t\t\t\t<div class=\"elementor-column elementor-col-33 elementor-inner-column elementor-element elementor-element-9da6c5c\" data-id=\"9da6c5c\" data-element_type=\"column\" data-e-type=\"column\">\n\t\t\t<div class=\"elementor-widget-wrap elementor-element-populated\">\n\t\t\t\t\t\t<div class=\"elementor-element elementor-element-02b90c3 elementor-widget elementor-widget-text-editor\" data-id=\"02b90c3\" data-element_type=\"widget\" data-e-type=\"widget\" data-widget_type=\"text-editor.default\">\n\t\t\t\t<div class=\"elementor-widget-container\">\n\t\t\t\t\t\t\t\t\t<h3><span style=\"font-family: var( --e-global-typography-text-font-family ), Sans-serif; color: #075e7d;\"><b>2) Dodate\u010dn\u00e9 materi\u00e1ly<\/b><\/span><\/h3>\t\t\t\t\t\t\t\t<\/div>\n\t\t\t\t<\/div>\n\t\t\t\t<div class=\"elementor-element elementor-element-d4f92b9 elementor-widget elementor-widget-text-editor\" data-id=\"d4f92b9\" data-element_type=\"widget\" data-e-type=\"widget\" data-widget_type=\"text-editor.default\">\n\t\t\t\t<div class=\"elementor-widget-container\">\n\t\t\t\t\t\t\t\t\t<p>V p\u0159\u00edpad\u011b, \u017ee materi\u00e1ly nesouvis\u00ed s video lekcemi, ale jsou sp\u00ed\u0161e jako obecn\u00e1 pom\u016fcka do dan\u00e9ho p\u0159edm\u011btu, tyto soubory najdete jako samostatn\u00e9 lekce v osnov\u011b kurzu.\u00a0<\/p><p>Bonusy se obvykle nach\u00e1z\u00ed v posledn\u00edch lekc\u00edch a lze je samoz\u0159ejm\u011b zobrazit i p\u0159ed dokon\u010den\u00edm kurzu. Toto uspo\u0159\u00e1d\u00e1n\u00ed je typick\u00e9 pro maturitn\u00ed ot\u00e1zky a rozbory d\u011bl.<\/p>\t\t\t\t\t\t\t\t<\/div>\n\t\t\t\t<\/div>\n\t\t\t\t\t<\/div>\n\t\t<\/div>\n\t\t\t\t<div class=\"elementor-column elementor-col-66 elementor-inner-column elementor-element elementor-element-cecd6e3\" data-id=\"cecd6e3\" data-element_type=\"column\" data-e-type=\"column\">\n\t\t\t<div class=\"elementor-widget-wrap elementor-element-populated\">\n\t\t\t\t\t\t<div class=\"elementor-element elementor-element-821cbf3 elementor-widget elementor-widget-image\" data-id=\"821cbf3\" data-element_type=\"widget\" data-e-type=\"widget\" data-widget_type=\"image.default\">\n\t\t\t\t<div class=\"elementor-widget-container\">\n\t\t\t\t\t\t\t\t\t\t\t\t\t\t\t\t<a href=\"https:\/\/studijni-svet.cz\/kurzy\/wp-content\/uploads\/2024\/08\/Snimek-obrazovky-2024-08-27-144841.png\" data-elementor-open-lightbox=\"yes\" data-elementor-lightbox-title=\"Sn\u00edmek obrazovky 2024-08-27 144841\" data-e-action-hash=\"#elementor-action%3Aaction%3Dlightbox%26settings%3DeyJpZCI6MTE3MjgsInVybCI6Imh0dHBzOlwvXC9zdHVkaWpuaS1zdmV0LmN6XC9rdXJ6eVwvd3AtY29udGVudFwvdXBsb2Fkc1wvMjAyNFwvMDhcL1NuaW1lay1vYnJhem92a3ktMjAyNC0wOC0yNy0xNDQ4NDEucG5nIn0%3D\">\n\t\t\t\t\t\t\t<img decoding=\"async\" src=\"https:\/\/studijni-svet.cz\/kurzy\/wp-content\/uploads\/elementor\/thumbs\/Snimek-obrazovky-2024-08-27-144841-qt85yck28vvp47je0ad23133qe496hn0j6qj14zxw6.png\" title=\"Sn\u00edmek obrazovky 2024-08-27 144841\" alt=\"Sn\u00edmek obrazovky 2024-08-27 144841\" loading=\"lazy\" \/>\t\t\t\t\t\t\t\t<\/a>\n\t\t\t\t\t\t\t\t\t\t\t\t\t\t\t<\/div>\n\t\t\t\t<\/div>\n\t\t\t\t\t<\/div>\n\t\t<\/div>\n\t\t\t\t\t<\/div>\n\t\t<\/section>\n\t\t\t\t<div class=\"elementor-element elementor-element-c3ed165 elementor-widget elementor-widget-spacer\" data-id=\"c3ed165\" data-element_type=\"widget\" data-e-type=\"widget\" data-widget_type=\"spacer.default\">\n\t\t\t\t<div class=\"elementor-widget-container\">\n\t\t\t\t\t\t\t<div class=\"elementor-spacer\">\n\t\t\t<div class=\"elementor-spacer-inner\"><\/div>\n\t\t<\/div>\n\t\t\t\t\t\t<\/div>\n\t\t\t\t<\/div>\n\t\t\t\t\t<\/div>\n\t\t<\/div>\n\t\t\t\t\t<\/div>\n\t\t<\/section>\n\t\t\t\t<\/div>\n\t\t","protected":false},"excerpt":{"rendered":"<p>Jak stahovat studijn\u00ed materi\u00e1ly? V na\u0161ich kurzech najdete velk\u00e9 mno\u017estv\u00ed bonusov\u00fdch, podkladov\u00fdch \u010di jin\u00fdch materi\u00e1l\u016f. A\u010d se sna\u017e\u00edme v\u0161e tvo\u0159it intuitivn\u011b, zp\u016fsob\u016f stahov\u00e1n\u00ed je v\u00edce dle typu soubor\u016f, a proto bychom r\u00e1di uvedli shrnut\u00ed. V\u017edy je pot\u0159eba se p\u0159ihl\u00e1sit do sv\u00e9ho \u00fa\u010dtu a v sekci Moje kurzy vybrat vlastn\u011bn\u00fd kurz\/e-book. 1) Soubory k videu Pokud &#8230; <a title=\"Jak stahovat bonusov\u00e9 materi\u00e1ly?\" class=\"read-more\" href=\"https:\/\/studijni-svet.cz\/kurzy\/jak-stahovat-materialy\/\" aria-label=\"Read more about Jak stahovat bonusov\u00e9 materi\u00e1ly?\">Read more<\/a><\/p>\n","protected":false},"author":1,"featured_media":0,"parent":0,"menu_order":0,"comment_status":"closed","ping_status":"closed","template":"elementor_theme","meta":{"footnotes":""},"class_list":["post-11712","page","type-page","status-publish"],"yoast_head":"<!-- This site is optimized with the Yoast SEO plugin v27.5 - https:\/\/yoast.com\/product\/yoast-seo-wordpress\/ -->\n<title>Jak stahovat bonusov\u00e9 materi\u00e1ly? | Studijni-svet.cz<\/title>\n<meta name=\"robots\" content=\"index, follow, max-snippet:-1, max-image-preview:large, max-video-preview:-1\" \/>\n<link rel=\"canonical\" href=\"https:\/\/studijni-svet.cz\/kurzy\/jak-stahovat-materialy\/\" \/>\n<meta property=\"og:locale\" content=\"cs_CZ\" \/>\n<meta property=\"og:type\" content=\"article\" \/>\n<meta property=\"og:title\" content=\"Jak stahovat bonusov\u00e9 materi\u00e1ly? | Studijni-svet.cz\" \/>\n<meta property=\"og:description\" content=\"Jak stahovat studijn\u00ed materi\u00e1ly? V na\u0161ich kurzech najdete velk\u00e9 mno\u017estv\u00ed bonusov\u00fdch, podkladov\u00fdch \u010di jin\u00fdch materi\u00e1l\u016f. A\u010d se sna\u017e\u00edme v\u0161e tvo\u0159it intuitivn\u011b, zp\u016fsob\u016f stahov\u00e1n\u00ed je v\u00edce dle typu soubor\u016f, a proto bychom r\u00e1di uvedli shrnut\u00ed. V\u017edy je pot\u0159eba se p\u0159ihl\u00e1sit do sv\u00e9ho \u00fa\u010dtu a v sekci Moje kurzy vybrat vlastn\u011bn\u00fd kurz\/e-book. 1) Soubory k videu Pokud ... Read more\" \/>\n<meta property=\"og:url\" content=\"https:\/\/studijni-svet.cz\/kurzy\/jak-stahovat-materialy\/\" \/>\n<meta property=\"og:site_name\" content=\"Studijni-svet.cz\" \/>\n<meta property=\"article:publisher\" content=\"https:\/\/www.facebook.com\/studijnisvet\/\" \/>\n<meta property=\"article:modified_time\" content=\"2024-09-10T18:27:11+00:00\" \/>\n<meta property=\"og:image\" content=\"https:\/\/studijni-svet.cz\/kurzy\/wp-content\/uploads\/elementor\/thumbs\/Snimek-obrazovky-2024-08-27-142832-e1724763278960-qt867ds7oshqh0938mi8byex50frol98g8n296t9to.png\" \/>\n<meta name=\"twitter:card\" content=\"summary_large_image\" \/>\n<meta name=\"twitter:label1\" content=\"Odhadovan\u00e1 doba \u010dten\u00ed\" \/>\n\t<meta name=\"twitter:data1\" content=\"1 minuta\" \/>\n<script type=\"application\/ld+json\" class=\"yoast-schema-graph\">{\"@context\":\"https:\\\/\\\/schema.org\",\"@graph\":[{\"@type\":\"WebPage\",\"@id\":\"https:\\\/\\\/studijni-svet.cz\\\/kurzy\\\/jak-stahovat-materialy\\\/\",\"url\":\"https:\\\/\\\/studijni-svet.cz\\\/kurzy\\\/jak-stahovat-materialy\\\/\",\"name\":\"Jak stahovat bonusov\u00e9 materi\u00e1ly? | Studijni-svet.cz\",\"isPartOf\":{\"@id\":\"https:\\\/\\\/studijni-svet.cz\\\/kurzy\\\/#website\"},\"primaryImageOfPage\":{\"@id\":\"https:\\\/\\\/studijni-svet.cz\\\/kurzy\\\/jak-stahovat-materialy\\\/#primaryimage\"},\"image\":{\"@id\":\"https:\\\/\\\/studijni-svet.cz\\\/kurzy\\\/jak-stahovat-materialy\\\/#primaryimage\"},\"thumbnailUrl\":\"https:\\\/\\\/studijni-svet.cz\\\/kurzy\\\/wp-content\\\/uploads\\\/elementor\\\/thumbs\\\/Snimek-obrazovky-2024-08-27-142832-e1724763278960-qt867ds7oshqh0938mi8byex50frol98g8n296t9to.png\",\"datePublished\":\"2024-08-27T11:45:49+00:00\",\"dateModified\":\"2024-09-10T18:27:11+00:00\",\"breadcrumb\":{\"@id\":\"https:\\\/\\\/studijni-svet.cz\\\/kurzy\\\/jak-stahovat-materialy\\\/#breadcrumb\"},\"inLanguage\":\"cs\",\"potentialAction\":[{\"@type\":\"ReadAction\",\"target\":[\"https:\\\/\\\/studijni-svet.cz\\\/kurzy\\\/jak-stahovat-materialy\\\/\"]}]},{\"@type\":\"ImageObject\",\"inLanguage\":\"cs\",\"@id\":\"https:\\\/\\\/studijni-svet.cz\\\/kurzy\\\/jak-stahovat-materialy\\\/#primaryimage\",\"url\":\"https:\\\/\\\/studijni-svet.cz\\\/kurzy\\\/wp-content\\\/uploads\\\/elementor\\\/thumbs\\\/Snimek-obrazovky-2024-08-27-142832-e1724763278960-qt867ds7oshqh0938mi8byex50frol98g8n296t9to.png\",\"contentUrl\":\"https:\\\/\\\/studijni-svet.cz\\\/kurzy\\\/wp-content\\\/uploads\\\/elementor\\\/thumbs\\\/Snimek-obrazovky-2024-08-27-142832-e1724763278960-qt867ds7oshqh0938mi8byex50frol98g8n296t9to.png\"},{\"@type\":\"BreadcrumbList\",\"@id\":\"https:\\\/\\\/studijni-svet.cz\\\/kurzy\\\/jak-stahovat-materialy\\\/#breadcrumb\",\"itemListElement\":[{\"@type\":\"ListItem\",\"position\":1,\"name\":\"Dom\u016f\",\"item\":\"https:\\\/\\\/studijni-svet.cz\\\/kurzy\\\/\"},{\"@type\":\"ListItem\",\"position\":2,\"name\":\"Jak stahovat bonusov\u00e9 materi\u00e1ly?\"}]},{\"@type\":\"WebSite\",\"@id\":\"https:\\\/\\\/studijni-svet.cz\\\/kurzy\\\/#website\",\"url\":\"https:\\\/\\\/studijni-svet.cz\\\/kurzy\\\/\",\"name\":\"Akademie Studijni-svet.cz | Kurzy a podklady\",\"description\":\"Online akademie | Kurzy a podklady\",\"publisher\":{\"@id\":\"https:\\\/\\\/studijni-svet.cz\\\/kurzy\\\/#organization\"},\"alternateName\":\"Akademie Studijni-svet.cz\",\"potentialAction\":[{\"@type\":\"SearchAction\",\"target\":{\"@type\":\"EntryPoint\",\"urlTemplate\":\"https:\\\/\\\/studijni-svet.cz\\\/kurzy\\\/?s={search_term_string}\"},\"query-input\":{\"@type\":\"PropertyValueSpecification\",\"valueRequired\":true,\"valueName\":\"search_term_string\"}}],\"inLanguage\":\"cs\"},{\"@type\":\"Organization\",\"@id\":\"https:\\\/\\\/studijni-svet.cz\\\/kurzy\\\/#organization\",\"name\":\"Studijni-svet.cz\",\"url\":\"https:\\\/\\\/studijni-svet.cz\\\/kurzy\\\/\",\"logo\":{\"@type\":\"ImageObject\",\"inLanguage\":\"cs\",\"@id\":\"https:\\\/\\\/studijni-svet.cz\\\/kurzy\\\/#\\\/schema\\\/logo\\\/image\\\/\",\"url\":\"https:\\\/\\\/studijni-svet.cz\\\/kurzy\\\/wp-content\\\/uploads\\\/2022\\\/01\\\/SS_logo-1.png\",\"contentUrl\":\"https:\\\/\\\/studijni-svet.cz\\\/kurzy\\\/wp-content\\\/uploads\\\/2022\\\/01\\\/SS_logo-1.png\",\"width\":66,\"height\":75,\"caption\":\"Studijni-svet.cz\"},\"image\":{\"@id\":\"https:\\\/\\\/studijni-svet.cz\\\/kurzy\\\/#\\\/schema\\\/logo\\\/image\\\/\"},\"sameAs\":[\"https:\\\/\\\/www.facebook.com\\\/studijnisvet\\\/\",\"https:\\\/\\\/www.instagram.com\\\/studijnisvet.cz\"]}]}<\/script>\n<!-- \/ Yoast SEO plugin. -->","yoast_head_json":{"title":"Jak stahovat bonusov\u00e9 materi\u00e1ly? | Studijni-svet.cz","robots":{"index":"index","follow":"follow","max-snippet":"max-snippet:-1","max-image-preview":"max-image-preview:large","max-video-preview":"max-video-preview:-1"},"canonical":"https:\/\/studijni-svet.cz\/kurzy\/jak-stahovat-materialy\/","og_locale":"cs_CZ","og_type":"article","og_title":"Jak stahovat bonusov\u00e9 materi\u00e1ly? | Studijni-svet.cz","og_description":"Jak stahovat studijn\u00ed materi\u00e1ly? V na\u0161ich kurzech najdete velk\u00e9 mno\u017estv\u00ed bonusov\u00fdch, podkladov\u00fdch \u010di jin\u00fdch materi\u00e1l\u016f. A\u010d se sna\u017e\u00edme v\u0161e tvo\u0159it intuitivn\u011b, zp\u016fsob\u016f stahov\u00e1n\u00ed je v\u00edce dle typu soubor\u016f, a proto bychom r\u00e1di uvedli shrnut\u00ed. V\u017edy je pot\u0159eba se p\u0159ihl\u00e1sit do sv\u00e9ho \u00fa\u010dtu a v sekci Moje kurzy vybrat vlastn\u011bn\u00fd kurz\/e-book. 1) Soubory k videu Pokud ... Read more","og_url":"https:\/\/studijni-svet.cz\/kurzy\/jak-stahovat-materialy\/","og_site_name":"Studijni-svet.cz","article_publisher":"https:\/\/www.facebook.com\/studijnisvet\/","article_modified_time":"2024-09-10T18:27:11+00:00","og_image":[{"url":"https:\/\/studijni-svet.cz\/kurzy\/wp-content\/uploads\/elementor\/thumbs\/Snimek-obrazovky-2024-08-27-142832-e1724763278960-qt867ds7oshqh0938mi8byex50frol98g8n296t9to.png","type":"","width":"","height":""}],"twitter_card":"summary_large_image","twitter_misc":{"Odhadovan\u00e1 doba \u010dten\u00ed":"1 minuta"},"schema":{"@context":"https:\/\/schema.org","@graph":[{"@type":"WebPage","@id":"https:\/\/studijni-svet.cz\/kurzy\/jak-stahovat-materialy\/","url":"https:\/\/studijni-svet.cz\/kurzy\/jak-stahovat-materialy\/","name":"Jak stahovat bonusov\u00e9 materi\u00e1ly? | Studijni-svet.cz","isPartOf":{"@id":"https:\/\/studijni-svet.cz\/kurzy\/#website"},"primaryImageOfPage":{"@id":"https:\/\/studijni-svet.cz\/kurzy\/jak-stahovat-materialy\/#primaryimage"},"image":{"@id":"https:\/\/studijni-svet.cz\/kurzy\/jak-stahovat-materialy\/#primaryimage"},"thumbnailUrl":"https:\/\/studijni-svet.cz\/kurzy\/wp-content\/uploads\/elementor\/thumbs\/Snimek-obrazovky-2024-08-27-142832-e1724763278960-qt867ds7oshqh0938mi8byex50frol98g8n296t9to.png","datePublished":"2024-08-27T11:45:49+00:00","dateModified":"2024-09-10T18:27:11+00:00","breadcrumb":{"@id":"https:\/\/studijni-svet.cz\/kurzy\/jak-stahovat-materialy\/#breadcrumb"},"inLanguage":"cs","potentialAction":[{"@type":"ReadAction","target":["https:\/\/studijni-svet.cz\/kurzy\/jak-stahovat-materialy\/"]}]},{"@type":"ImageObject","inLanguage":"cs","@id":"https:\/\/studijni-svet.cz\/kurzy\/jak-stahovat-materialy\/#primaryimage","url":"https:\/\/studijni-svet.cz\/kurzy\/wp-content\/uploads\/elementor\/thumbs\/Snimek-obrazovky-2024-08-27-142832-e1724763278960-qt867ds7oshqh0938mi8byex50frol98g8n296t9to.png","contentUrl":"https:\/\/studijni-svet.cz\/kurzy\/wp-content\/uploads\/elementor\/thumbs\/Snimek-obrazovky-2024-08-27-142832-e1724763278960-qt867ds7oshqh0938mi8byex50frol98g8n296t9to.png"},{"@type":"BreadcrumbList","@id":"https:\/\/studijni-svet.cz\/kurzy\/jak-stahovat-materialy\/#breadcrumb","itemListElement":[{"@type":"ListItem","position":1,"name":"Dom\u016f","item":"https:\/\/studijni-svet.cz\/kurzy\/"},{"@type":"ListItem","position":2,"name":"Jak stahovat bonusov\u00e9 materi\u00e1ly?"}]},{"@type":"WebSite","@id":"https:\/\/studijni-svet.cz\/kurzy\/#website","url":"https:\/\/studijni-svet.cz\/kurzy\/","name":"Akademie Studijni-svet.cz | Kurzy a podklady","description":"Online akademie | Kurzy a podklady","publisher":{"@id":"https:\/\/studijni-svet.cz\/kurzy\/#organization"},"alternateName":"Akademie Studijni-svet.cz","potentialAction":[{"@type":"SearchAction","target":{"@type":"EntryPoint","urlTemplate":"https:\/\/studijni-svet.cz\/kurzy\/?s={search_term_string}"},"query-input":{"@type":"PropertyValueSpecification","valueRequired":true,"valueName":"search_term_string"}}],"inLanguage":"cs"},{"@type":"Organization","@id":"https:\/\/studijni-svet.cz\/kurzy\/#organization","name":"Studijni-svet.cz","url":"https:\/\/studijni-svet.cz\/kurzy\/","logo":{"@type":"ImageObject","inLanguage":"cs","@id":"https:\/\/studijni-svet.cz\/kurzy\/#\/schema\/logo\/image\/","url":"https:\/\/studijni-svet.cz\/kurzy\/wp-content\/uploads\/2022\/01\/SS_logo-1.png","contentUrl":"https:\/\/studijni-svet.cz\/kurzy\/wp-content\/uploads\/2022\/01\/SS_logo-1.png","width":66,"height":75,"caption":"Studijni-svet.cz"},"image":{"@id":"https:\/\/studijni-svet.cz\/kurzy\/#\/schema\/logo\/image\/"},"sameAs":["https:\/\/www.facebook.com\/studijnisvet\/","https:\/\/www.instagram.com\/studijnisvet.cz"]}]}},"_links":{"self":[{"href":"https:\/\/studijni-svet.cz\/kurzy\/wp-json\/wp\/v2\/pages\/11712","targetHints":{"allow":["GET"]}}],"collection":[{"href":"https:\/\/studijni-svet.cz\/kurzy\/wp-json\/wp\/v2\/pages"}],"about":[{"href":"https:\/\/studijni-svet.cz\/kurzy\/wp-json\/wp\/v2\/types\/page"}],"author":[{"embeddable":true,"href":"https:\/\/studijni-svet.cz\/kurzy\/wp-json\/wp\/v2\/users\/1"}],"replies":[{"embeddable":true,"href":"https:\/\/studijni-svet.cz\/kurzy\/wp-json\/wp\/v2\/comments?post=11712"}],"version-history":[{"count":34,"href":"https:\/\/studijni-svet.cz\/kurzy\/wp-json\/wp\/v2\/pages\/11712\/revisions"}],"predecessor-version":[{"id":12076,"href":"https:\/\/studijni-svet.cz\/kurzy\/wp-json\/wp\/v2\/pages\/11712\/revisions\/12076"}],"wp:attachment":[{"href":"https:\/\/studijni-svet.cz\/kurzy\/wp-json\/wp\/v2\/media?parent=11712"}],"curies":[{"name":"wp","href":"https:\/\/api.w.org\/{rel}","templated":true}]}}