{"id":5,"date":"2021-12-29T15:28:01","date_gmt":"2021-12-29T15:28:01","guid":{"rendered":"https:\/\/studijni-svet.cz\/kurzy\/nastenka\/"},"modified":"2021-12-29T15:28:01","modified_gmt":"2021-12-29T15:28:01","slug":"nastenka","status":"publish","type":"page","link":"https:\/\/studijni-svet.cz\/kurzy\/nastenka\/","title":{"rendered":"N\u00e1st\u011bnka"},"content":{"rendered":"Chcete-li zobrazit tuto str\u00e1nku, zobrazte pros\u00edm <a data-login_url=\"\" href=\"#\" class=\"tutor-open-login-modal\">P\u0159ihlaste se<\/a>","protected":false},"excerpt":{"rendered":"<p>Chcete-li zobrazit tuto str\u00e1nku, zobrazte pros\u00edm P\u0159ihlaste se<\/p>\n","protected":false},"author":1,"featured_media":0,"parent":0,"menu_order":0,"comment_status":"closed","ping_status":"closed","template":"","meta":{"footnotes":""},"class_list":["post-5","page","type-page","status-publish"],"yoast_head":"<!-- This site is optimized with the Yoast SEO plugin v27.1.1 - https:\/\/yoast.com\/product\/yoast-seo-wordpress\/ -->\n<title>N\u00e1st\u011bnka | Studijni-svet.cz<\/title>\n<meta name=\"robots\" content=\"index, follow, max-snippet:-1, max-image-preview:large, max-video-preview:-1\" \/>\n<link rel=\"canonical\" href=\"https:\/\/studijni-svet.cz\/kurzy\/nastenka\/\" \/>\n<meta property=\"og:locale\" content=\"cs_CZ\" \/>\n<meta property=\"og:type\" content=\"article\" \/>\n<meta property=\"og:title\" content=\"N\u00e1st\u011bnka | Studijni-svet.cz\" \/>\n<meta property=\"og:description\" content=\"Chcete-li zobrazit tuto str\u00e1nku, zobrazte pros\u00edm P\u0159ihlaste se\" \/>\n<meta property=\"og:url\" content=\"https:\/\/studijni-svet.cz\/kurzy\/nastenka\/\" \/>\n<meta property=\"og:site_name\" content=\"Studijni-svet.cz\" \/>\n<meta property=\"article:publisher\" content=\"https:\/\/www.facebook.com\/studijnisvet\/\" \/>\n<meta name=\"twitter:card\" content=\"summary_large_image\" \/>\n<script type=\"application\/ld+json\" class=\"yoast-schema-graph\">{\"@context\":\"https:\/\/schema.org\",\"@graph\":[{\"@type\":\"WebPage\",\"@id\":\"https:\/\/studijni-svet.cz\/kurzy\/nastenka\/\",\"url\":\"https:\/\/studijni-svet.cz\/kurzy\/nastenka\/\",\"name\":\"N\u00e1st\u011bnka | Studijni-svet.cz\",\"isPartOf\":{\"@id\":\"https:\/\/studijni-svet.cz\/kurzy\/#website\"},\"datePublished\":\"2021-12-29T15:28:01+00:00\",\"breadcrumb\":{\"@id\":\"https:\/\/studijni-svet.cz\/kurzy\/nastenka\/#breadcrumb\"},\"inLanguage\":\"cs\",\"potentialAction\":[{\"@type\":\"ReadAction\",\"target\":[\"https:\/\/studijni-svet.cz\/kurzy\/nastenka\/\"]}]},{\"@type\":\"BreadcrumbList\",\"@id\":\"https:\/\/studijni-svet.cz\/kurzy\/nastenka\/#breadcrumb\",\"itemListElement\":[{\"@type\":\"ListItem\",\"position\":1,\"name\":\"Dom\u016f\",\"item\":\"https:\/\/studijni-svet.cz\/kurzy\/\"},{\"@type\":\"ListItem\",\"position\":2,\"name\":\"N\u00e1st\u011bnka\"}]},{\"@type\":\"WebSite\",\"@id\":\"https:\/\/studijni-svet.cz\/kurzy\/#website\",\"url\":\"https:\/\/studijni-svet.cz\/kurzy\/\",\"name\":\"Akademie Studijni-svet.cz | Kurzy a podklady\",\"description\":\"Online akademie | Kurzy a podklady\",\"publisher\":{\"@id\":\"https:\/\/studijni-svet.cz\/kurzy\/#organization\"},\"alternateName\":\"Akademie Studijni-svet.cz\",\"potentialAction\":[{\"@type\":\"SearchAction\",\"target\":{\"@type\":\"EntryPoint\",\"urlTemplate\":\"https:\/\/studijni-svet.cz\/kurzy\/?s={search_term_string}\"},\"query-input\":{\"@type\":\"PropertyValueSpecification\",\"valueRequired\":true,\"valueName\":\"search_term_string\"}}],\"inLanguage\":\"cs\"},{\"@type\":\"Organization\",\"@id\":\"https:\/\/studijni-svet.cz\/kurzy\/#organization\",\"name\":\"Studijni-svet.cz\",\"url\":\"https:\/\/studijni-svet.cz\/kurzy\/\",\"logo\":{\"@type\":\"ImageObject\",\"inLanguage\":\"cs\",\"@id\":\"https:\/\/studijni-svet.cz\/kurzy\/#\/schema\/logo\/image\/\",\"url\":\"https:\/\/studijni-svet.cz\/kurzy\/wp-content\/uploads\/2022\/01\/SS_logo-1.png\",\"contentUrl\":\"https:\/\/studijni-svet.cz\/kurzy\/wp-content\/uploads\/2022\/01\/SS_logo-1.png\",\"width\":66,\"height\":75,\"caption\":\"Studijni-svet.cz\"},\"image\":{\"@id\":\"https:\/\/studijni-svet.cz\/kurzy\/#\/schema\/logo\/image\/\"},\"sameAs\":[\"https:\/\/www.facebook.com\/studijnisvet\/\",\"https:\/\/www.instagram.com\/studijnisvet.cz\"]}]}<\/script>\n<!-- \/ Yoast SEO plugin. -->","yoast_head_json":{"title":"N\u00e1st\u011bnka | Studijni-svet.cz","robots":{"index":"index","follow":"follow","max-snippet":"max-snippet:-1","max-image-preview":"max-image-preview:large","max-video-preview":"max-video-preview:-1"},"canonical":"https:\/\/studijni-svet.cz\/kurzy\/nastenka\/","og_locale":"cs_CZ","og_type":"article","og_title":"N\u00e1st\u011bnka | Studijni-svet.cz","og_description":"Chcete-li zobrazit tuto str\u00e1nku, zobrazte pros\u00edm P\u0159ihlaste se","og_url":"https:\/\/studijni-svet.cz\/kurzy\/nastenka\/","og_site_name":"Studijni-svet.cz","article_publisher":"https:\/\/www.facebook.com\/studijnisvet\/","twitter_card":"summary_large_image","schema":{"@context":"https:\/\/schema.org","@graph":[{"@type":"WebPage","@id":"https:\/\/studijni-svet.cz\/kurzy\/nastenka\/","url":"https:\/\/studijni-svet.cz\/kurzy\/nastenka\/","name":"N\u00e1st\u011bnka | Studijni-svet.cz","isPartOf":{"@id":"https:\/\/studijni-svet.cz\/kurzy\/#website"},"datePublished":"2021-12-29T15:28:01+00:00","breadcrumb":{"@id":"https:\/\/studijni-svet.cz\/kurzy\/nastenka\/#breadcrumb"},"inLanguage":"cs","potentialAction":[{"@type":"ReadAction","target":["https:\/\/studijni-svet.cz\/kurzy\/nastenka\/"]}]},{"@type":"BreadcrumbList","@id":"https:\/\/studijni-svet.cz\/kurzy\/nastenka\/#breadcrumb","itemListElement":[{"@type":"ListItem","position":1,"name":"Dom\u016f","item":"https:\/\/studijni-svet.cz\/kurzy\/"},{"@type":"ListItem","position":2,"name":"N\u00e1st\u011bnka"}]},{"@type":"WebSite","@id":"https:\/\/studijni-svet.cz\/kurzy\/#website","url":"https:\/\/studijni-svet.cz\/kurzy\/","name":"Akademie Studijni-svet.cz | Kurzy a podklady","description":"Online akademie | Kurzy a podklady","publisher":{"@id":"https:\/\/studijni-svet.cz\/kurzy\/#organization"},"alternateName":"Akademie Studijni-svet.cz","potentialAction":[{"@type":"SearchAction","target":{"@type":"EntryPoint","urlTemplate":"https:\/\/studijni-svet.cz\/kurzy\/?s={search_term_string}"},"query-input":{"@type":"PropertyValueSpecification","valueRequired":true,"valueName":"search_term_string"}}],"inLanguage":"cs"},{"@type":"Organization","@id":"https:\/\/studijni-svet.cz\/kurzy\/#organization","name":"Studijni-svet.cz","url":"https:\/\/studijni-svet.cz\/kurzy\/","logo":{"@type":"ImageObject","inLanguage":"cs","@id":"https:\/\/studijni-svet.cz\/kurzy\/#\/schema\/logo\/image\/","url":"https:\/\/studijni-svet.cz\/kurzy\/wp-content\/uploads\/2022\/01\/SS_logo-1.png","contentUrl":"https:\/\/studijni-svet.cz\/kurzy\/wp-content\/uploads\/2022\/01\/SS_logo-1.png","width":66,"height":75,"caption":"Studijni-svet.cz"},"image":{"@id":"https:\/\/studijni-svet.cz\/kurzy\/#\/schema\/logo\/image\/"},"sameAs":["https:\/\/www.facebook.com\/studijnisvet\/","https:\/\/www.instagram.com\/studijnisvet.cz"]}]}},"_links":{"self":[{"href":"https:\/\/studijni-svet.cz\/kurzy\/wp-json\/wp\/v2\/pages\/5","targetHints":{"allow":["GET"]}}],"collection":[{"href":"https:\/\/studijni-svet.cz\/kurzy\/wp-json\/wp\/v2\/pages"}],"about":[{"href":"https:\/\/studijni-svet.cz\/kurzy\/wp-json\/wp\/v2\/types\/page"}],"author":[{"embeddable":true,"href":"https:\/\/studijni-svet.cz\/kurzy\/wp-json\/wp\/v2\/users\/1"}],"replies":[{"embeddable":true,"href":"https:\/\/studijni-svet.cz\/kurzy\/wp-json\/wp\/v2\/comments?post=5"}],"version-history":[{"count":0,"href":"https:\/\/studijni-svet.cz\/kurzy\/wp-json\/wp\/v2\/pages\/5\/revisions"}],"wp:attachment":[{"href":"https:\/\/studijni-svet.cz\/kurzy\/wp-json\/wp\/v2\/media?parent=5"}],"curies":[{"name":"wp","href":"https:\/\/api.w.org\/{rel}","templated":true}]}}